{"id":512,"date":"2012-06-14T22:15:44","date_gmt":"2012-06-14T22:15:44","guid":{"rendered":"http:\/\/www.sentinelle-nature-alsace.fr\/fr\/?page_id=512"},"modified":"2014-08-07T12:37:58","modified_gmt":"2014-08-07T11:37:58","slug":"mentions-legales","status":"publish","type":"page","link":"http:\/\/www.sentinelle-nature-alsace.fr\/fr\/mentions-legales\/","title":{"rendered":"Mentions L\u00e9gales"},"content":{"rendered":"<p><strong>PROPRIETAIRE<\/strong><\/p>\n<p>Le site est la propri\u00e9t\u00e9 de l&#8217;Association Sentinelle Nature Alsace (SNA), domicili\u00e9e Chemin Almendweg\u00a0\u00e0\u00a068 150 HUNAWIHR (T\u00e9l.: 06 60 10 30 86). L&#8217;association est immatricul\u00e9e au tribunal d\u2019instance\u00a0de S\u00e9lestat (67 600) et est reconnue d&#8217;int\u00e9r\u00eat g\u00e9n\u00e9ral.\u00a0<\/p>\n<p>&nbsp;<\/p>\n<p><strong><strong>CONCEPTION &amp; HEBERGEMENT<\/strong><\/strong><\/p>\n<p>Le webdesign du site a \u00e9t\u00e9 cr\u00e9\u00e9 par\u00a0<a title=\"Naturelle'Comm - Communication Cr\u00e9ative\" href=\"http:\/\/www.naturellecomm.fr\" target=\"_blank\">Naturelle&#8217;Comm<\/a>. Il est propuls\u00e9 par WordPress, logiciel libre sous licence GNU\/GPL. Le site est h\u00e9berg\u00e9 par la soci\u00e9t\u00e9 OVH\u00a02 rue Kellermann &#8211; 59100 Roubaix &#8211; France<\/p>\n<p>&nbsp;<\/p>\n<p><strong>DROITS D&#8217;AUTEUR<\/strong><\/p>\n<p>SNA a ouvert ce site pour l\u2019information personnelle de ses utilisateurs.<\/p>\n<p><span style=\"text-decoration: underline;\">Droit d\u2019utilisation<\/span> : SNA est d\u00e9tenteur des droits d\u2019utilisation des \u00e9l\u00e9ments composant le site. Les photographies, images, textes et autres documents pr\u00e9sents sur ce site font l\u2019objet de droits de propri\u00e9t\u00e9 intellectuelles et selon les cas, propri\u00e9t\u00e9 de SNA ou du tiers ayant autoris\u00e9 limitativement SNA \u00e0 les utiliser.<\/p>\n<p><span style=\"text-decoration: underline;\">Droit de reproduction<\/span> : conform\u00e9ment \u00e0 l\u2019article L 122 \u2013 4 du Code de la Propri\u00e9t\u00e9 intellectuelle, toute reproduction totale ou partielle, ou imitation des \u00e9crans du site, des contenus, des photos, des vid\u00e9os et des illustrations est interdite sans l\u2019accord pr\u00e9alable de SNA et des auteurs des contenus.<\/p>\n<p>&nbsp;<\/p>\n<p><strong>TRAITEMENT DES DONNEES PERSONNELLES<\/strong><\/p>\n<p><span style=\"text-decoration: underline;\">Loi sur l\u2019informatique et la libert\u00e9<\/span> : en application de l\u2019article 27 de la loi Informatique et Libert\u00e9s en date du 6 janvier 1978, vous disposez d\u2019un droit d\u2019acc\u00e8s, de modification, de rectification et de suppression des donn\u00e9es qui vous concerne.<br \/>Pour plus d\u2019information, consultez le site de la CNIL sur le droit d\u2019acc\u00e8s de modification et de suppression des donn\u00e9es personnelles.<\/p>\n<p><span style=\"text-decoration: underline;\">Formulaire<\/span> : les informations recueillies par le biais de formulaires ne seront pas divulgu\u00e9es \u00e0 des personnes autres que celles composants notre association.<\/p>\n<p>&nbsp;<\/p>\n<p><strong>LIENS HYPERTEXTES<\/strong><\/p>\n<p><span style=\"text-decoration: underline;\">Renvoi du site de SNA vers d\u2019autres sites<\/span> : lorsque SNA renvoie \u00e0 d\u2019autres sites par le biais de liens hypertextes, celui-ci ne saurait \u00eatre tenu responsable directement ou indirectement du contenu de ces sites. Les liens fournis vers d\u2019autres sites le sont uniquement par commodit\u00e9.<\/p>\n<p><span style=\"text-decoration: underline;\">Liens vers le site de SNA<\/span>: les personnes d\u00e9sireuses de faire un lien vers le site internet de SNA peuvent en faire la demande par courriel. En outre, les informations utilis\u00e9es ne doivent l\u2019\u00eatre qu\u2019\u00e0 des fins personnelles, associatives ou professionnelles, aucune exploitation commerciale, m\u00eame partielle, des donn\u00e9es qui y sont pr\u00e9sent\u00e9es ne pourra \u00eatre effectu\u00e9.<\/p>\n<p>&nbsp;<\/p>\n<p><strong>RESPONSABILITES DE SNA<\/strong><\/p>\n<p>SNA s\u2019efforce de mettre \u00e0 la disposition des utilisateurs sur son site des informations disponibles, pertinentes et v\u00e9rifi\u00e9es. Les informations fournies ne sauraient cependant dispenser les internautes d\u2019une recherche ou d\u2019une analyse compl\u00e9mentaire et approfondie. SNA ne saurait garantir l\u2019exactitude, la compl\u00e9tude, l\u2019actualit\u00e9 des informations diffus\u00e9es sur le site. En cons\u00e9quences, l\u2019utilisateur reconna\u00eet utiliser ces informations sous sa responsabilit\u00e9 exclusive.<\/p>\n<p>&nbsp;<\/p>\n","protected":false},"excerpt":{"rendered":"<p>PROPRIETAIRE Le site est la propri\u00e9t\u00e9 de l&#8217;Association Sentinelle Nature Alsace (SNA), domicili\u00e9e Chemin Almendweg\u00a0\u00e0\u00a068 150 HUNAWIHR (T\u00e9l.: 06 60 10 30 86). L&#8217;association est immatricul\u00e9e au tribunal d\u2019instance\u00a0de S\u00e9lestat (67 600) et est&#46;&#46;&#46;<\/p>\n","protected":false},"author":2,"featured_media":0,"parent":0,"menu_order":0,"comment_status":"closed","ping_status":"closed","template":"","meta":{"_s2mail":"yes","footnotes":""},"class_list":["post-512","page","type-page","status-publish","hentry"],"yoast_head":"<!-- This site is optimized with the Yoast SEO plugin v27.2 - https:\/\/yoast.com\/product\/yoast-seo-wordpress\/ -->\n<title>Mentions L\u00e9gales -<\/title>\n<meta name=\"robots\" content=\"index, follow, max-snippet:-1, max-image-preview:large, max-video-preview:-1\" \/>\n<link rel=\"canonical\" href=\"http:\/\/www.sentinelle-nature-alsace.fr\/fr\/mentions-legales\/\" \/>\n<meta property=\"og:locale\" content=\"fr_FR\" \/>\n<meta property=\"og:type\" content=\"article\" \/>\n<meta property=\"og:title\" content=\"Mentions L\u00e9gales -\" \/>\n<meta property=\"og:description\" content=\"PROPRIETAIRE Le site est la propri\u00e9t\u00e9 de l&#8217;Association Sentinelle Nature Alsace (SNA), domicili\u00e9e Chemin Almendweg\u00a0\u00e0\u00a068 150 HUNAWIHR (T\u00e9l.: 06 60 10 30 86). L&#8217;association est immatricul\u00e9e au tribunal d\u2019instance\u00a0de S\u00e9lestat (67 600) et est&#046;&#046;&#046;\" \/>\n<meta property=\"og:url\" content=\"http:\/\/www.sentinelle-nature-alsace.fr\/fr\/mentions-legales\/\" \/>\n<meta property=\"article:publisher\" content=\"https:\/\/www.facebook.com\/SentinelleNatureAlsace\/about\/\" \/>\n<meta property=\"article:modified_time\" content=\"2014-08-07T11:37:58+00:00\" \/>\n<meta name=\"twitter:card\" content=\"summary_large_image\" \/>\n<meta name=\"twitter:label1\" content=\"Dur\u00e9e de lecture estim\u00e9e\" \/>\n\t<meta name=\"twitter:data1\" content=\"2 minutes\" \/>\n<script type=\"application\/ld+json\" class=\"yoast-schema-graph\">{\"@context\":\"https:\/\/schema.org\",\"@graph\":[{\"@type\":\"WebPage\",\"@id\":\"http:\/\/www.sentinelle-nature-alsace.fr\/fr\/mentions-legales\/\",\"url\":\"http:\/\/www.sentinelle-nature-alsace.fr\/fr\/mentions-legales\/\",\"name\":\"Mentions L\u00e9gales -\",\"isPartOf\":{\"@id\":\"http:\/\/www.sentinelle-nature-alsace.fr\/fr\/#website\"},\"datePublished\":\"2012-06-14T22:15:44+00:00\",\"dateModified\":\"2014-08-07T11:37:58+00:00\",\"breadcrumb\":{\"@id\":\"http:\/\/www.sentinelle-nature-alsace.fr\/fr\/mentions-legales\/#breadcrumb\"},\"inLanguage\":\"fr-FR\",\"potentialAction\":[{\"@type\":\"ReadAction\",\"target\":[\"http:\/\/www.sentinelle-nature-alsace.fr\/fr\/mentions-legales\/\"]}]},{\"@type\":\"BreadcrumbList\",\"@id\":\"http:\/\/www.sentinelle-nature-alsace.fr\/fr\/mentions-legales\/#breadcrumb\",\"itemListElement\":[{\"@type\":\"ListItem\",\"position\":1,\"name\":\"Accueil\",\"item\":\"http:\/\/www.sentinelle-nature-alsace.fr\/fr\/\"},{\"@type\":\"ListItem\",\"position\":2,\"name\":\"Mentions L\u00e9gales\"}]},{\"@type\":\"WebSite\",\"@id\":\"http:\/\/www.sentinelle-nature-alsace.fr\/fr\/#website\",\"url\":\"http:\/\/www.sentinelle-nature-alsace.fr\/fr\/\",\"name\":\"www.sentinelle-nature-alsace.fr\",\"description\":\"\",\"publisher\":{\"@id\":\"http:\/\/www.sentinelle-nature-alsace.fr\/fr\/#organization\"},\"potentialAction\":[{\"@type\":\"SearchAction\",\"target\":{\"@type\":\"EntryPoint\",\"urlTemplate\":\"http:\/\/www.sentinelle-nature-alsace.fr\/fr\/?s={search_term_string}\"},\"query-input\":{\"@type\":\"PropertyValueSpecification\",\"valueRequired\":true,\"valueName\":\"search_term_string\"}}],\"inLanguage\":\"fr-FR\"},{\"@type\":\"Organization\",\"@id\":\"http:\/\/www.sentinelle-nature-alsace.fr\/fr\/#organization\",\"name\":\"Sentinelle Nature Alsace\",\"url\":\"http:\/\/www.sentinelle-nature-alsace.fr\/fr\/\",\"logo\":{\"@type\":\"ImageObject\",\"inLanguage\":\"fr-FR\",\"@id\":\"http:\/\/www.sentinelle-nature-alsace.fr\/fr\/#\/schema\/logo\/image\/\",\"url\":\"http:\/\/www.sentinelle-nature-alsace.fr\/fr\/wp-content\/uploads\/2024\/04\/logo-sna.jpg\",\"contentUrl\":\"http:\/\/www.sentinelle-nature-alsace.fr\/fr\/wp-content\/uploads\/2024\/04\/logo-sna.jpg\",\"width\":200,\"height\":200,\"caption\":\"Sentinelle Nature Alsace\"},\"image\":{\"@id\":\"http:\/\/www.sentinelle-nature-alsace.fr\/fr\/#\/schema\/logo\/image\/\"},\"sameAs\":[\"https:\/\/www.facebook.com\/SentinelleNatureAlsace\/about\/\",\"https:\/\/www.instagram.com\/sentinellenaturealsace\/\"]}]}<\/script>\n<!-- \/ Yoast SEO plugin. -->","yoast_head_json":{"title":"Mentions L\u00e9gales -","robots":{"index":"index","follow":"follow","max-snippet":"max-snippet:-1","max-image-preview":"max-image-preview:large","max-video-preview":"max-video-preview:-1"},"canonical":"http:\/\/www.sentinelle-nature-alsace.fr\/fr\/mentions-legales\/","og_locale":"fr_FR","og_type":"article","og_title":"Mentions L\u00e9gales -","og_description":"PROPRIETAIRE Le site est la propri\u00e9t\u00e9 de l&#8217;Association Sentinelle Nature Alsace (SNA), domicili\u00e9e Chemin Almendweg\u00a0\u00e0\u00a068 150 HUNAWIHR (T\u00e9l.: 06 60 10 30 86). L&#8217;association est immatricul\u00e9e au tribunal d\u2019instance\u00a0de S\u00e9lestat (67 600) et est&#46;&#46;&#46;","og_url":"http:\/\/www.sentinelle-nature-alsace.fr\/fr\/mentions-legales\/","article_publisher":"https:\/\/www.facebook.com\/SentinelleNatureAlsace\/about\/","article_modified_time":"2014-08-07T11:37:58+00:00","twitter_card":"summary_large_image","twitter_misc":{"Dur\u00e9e de lecture estim\u00e9e":"2 minutes"},"schema":{"@context":"https:\/\/schema.org","@graph":[{"@type":"WebPage","@id":"http:\/\/www.sentinelle-nature-alsace.fr\/fr\/mentions-legales\/","url":"http:\/\/www.sentinelle-nature-alsace.fr\/fr\/mentions-legales\/","name":"Mentions L\u00e9gales -","isPartOf":{"@id":"http:\/\/www.sentinelle-nature-alsace.fr\/fr\/#website"},"datePublished":"2012-06-14T22:15:44+00:00","dateModified":"2014-08-07T11:37:58+00:00","breadcrumb":{"@id":"http:\/\/www.sentinelle-nature-alsace.fr\/fr\/mentions-legales\/#breadcrumb"},"inLanguage":"fr-FR","potentialAction":[{"@type":"ReadAction","target":["http:\/\/www.sentinelle-nature-alsace.fr\/fr\/mentions-legales\/"]}]},{"@type":"BreadcrumbList","@id":"http:\/\/www.sentinelle-nature-alsace.fr\/fr\/mentions-legales\/#breadcrumb","itemListElement":[{"@type":"ListItem","position":1,"name":"Accueil","item":"http:\/\/www.sentinelle-nature-alsace.fr\/fr\/"},{"@type":"ListItem","position":2,"name":"Mentions L\u00e9gales"}]},{"@type":"WebSite","@id":"http:\/\/www.sentinelle-nature-alsace.fr\/fr\/#website","url":"http:\/\/www.sentinelle-nature-alsace.fr\/fr\/","name":"www.sentinelle-nature-alsace.fr","description":"","publisher":{"@id":"http:\/\/www.sentinelle-nature-alsace.fr\/fr\/#organization"},"potentialAction":[{"@type":"SearchAction","target":{"@type":"EntryPoint","urlTemplate":"http:\/\/www.sentinelle-nature-alsace.fr\/fr\/?s={search_term_string}"},"query-input":{"@type":"PropertyValueSpecification","valueRequired":true,"valueName":"search_term_string"}}],"inLanguage":"fr-FR"},{"@type":"Organization","@id":"http:\/\/www.sentinelle-nature-alsace.fr\/fr\/#organization","name":"Sentinelle Nature Alsace","url":"http:\/\/www.sentinelle-nature-alsace.fr\/fr\/","logo":{"@type":"ImageObject","inLanguage":"fr-FR","@id":"http:\/\/www.sentinelle-nature-alsace.fr\/fr\/#\/schema\/logo\/image\/","url":"http:\/\/www.sentinelle-nature-alsace.fr\/fr\/wp-content\/uploads\/2024\/04\/logo-sna.jpg","contentUrl":"http:\/\/www.sentinelle-nature-alsace.fr\/fr\/wp-content\/uploads\/2024\/04\/logo-sna.jpg","width":200,"height":200,"caption":"Sentinelle Nature Alsace"},"image":{"@id":"http:\/\/www.sentinelle-nature-alsace.fr\/fr\/#\/schema\/logo\/image\/"},"sameAs":["https:\/\/www.facebook.com\/SentinelleNatureAlsace\/about\/","https:\/\/www.instagram.com\/sentinellenaturealsace\/"]}]}},"_links":{"self":[{"href":"http:\/\/www.sentinelle-nature-alsace.fr\/fr\/wp-json\/wp\/v2\/pages\/512","targetHints":{"allow":["GET"]}}],"collection":[{"href":"http:\/\/www.sentinelle-nature-alsace.fr\/fr\/wp-json\/wp\/v2\/pages"}],"about":[{"href":"http:\/\/www.sentinelle-nature-alsace.fr\/fr\/wp-json\/wp\/v2\/types\/page"}],"author":[{"embeddable":true,"href":"http:\/\/www.sentinelle-nature-alsace.fr\/fr\/wp-json\/wp\/v2\/users\/2"}],"replies":[{"embeddable":true,"href":"http:\/\/www.sentinelle-nature-alsace.fr\/fr\/wp-json\/wp\/v2\/comments?post=512"}],"version-history":[{"count":8,"href":"http:\/\/www.sentinelle-nature-alsace.fr\/fr\/wp-json\/wp\/v2\/pages\/512\/revisions"}],"predecessor-version":[{"id":5957,"href":"http:\/\/www.sentinelle-nature-alsace.fr\/fr\/wp-json\/wp\/v2\/pages\/512\/revisions\/5957"}],"wp:attachment":[{"href":"http:\/\/www.sentinelle-nature-alsace.fr\/fr\/wp-json\/wp\/v2\/media?parent=512"}],"curies":[{"name":"wp","href":"https:\/\/api.w.org\/{rel}","templated":true}]}}