{"id":4210,"date":"2013-12-11T00:18:33","date_gmt":"2013-12-11T00:18:33","guid":{"rendered":"http:\/\/www.sentinelle-nature-alsace.fr\/fr\/?page_id=4210"},"modified":"2015-12-13T18:18:50","modified_gmt":"2015-12-13T17:18:50","slug":"boutique-de-noel","status":"publish","type":"page","link":"http:\/\/www.sentinelle-nature-alsace.fr\/fr\/boutique\/boutique-de-noel\/","title":{"rendered":"Boutique de No\u00ebl"},"content":{"rendered":"<p>Vous trouverez ici une s\u00e9lection d&#8217;articles cr\u00e9\u00e9s par les b\u00e9n\u00e9voles SNA qui trouveront \u00e0 coup leur place sous le sapin ! N&#8217;h\u00e9sitez pas \u00e0 nous contacter <a href=\"http:\/\/www.sentinelle-nature-alsace.fr\/fr\/contact\">par mail ou par t\u00e9l\u00e9phone<\/a> !<\/p>\n<table style=\"width: 609px; height: 836px;\">\n<tbody>\n<tr>\n<td style=\"text-align: left;\" width=\"100\" height=\"150\"><span style=\"color: #cc0000;\"><a href=\"http:\/\/www.sentinelle-nature-alsace.fr\/fr\/wp-content\/uploads\/2013\/12\/noel-mangeoire-goulotte-sna.jpg\"><img loading=\"lazy\" decoding=\"async\" class=\"alignleft wp-image-4234 size-thumbnail\" title=\"noel-mangeoire-goulotte-sna\" src=\"http:\/\/www.sentinelle-nature-alsace.fr\/fr\/wp-content\/uploads\/2013\/12\/noel-mangeoire-goulotte-sna-150x150.jpg\" alt=\"\" width=\"150\" height=\"150\" srcset=\"http:\/\/www.sentinelle-nature-alsace.fr\/fr\/wp-content\/uploads\/2013\/12\/noel-mangeoire-goulotte-sna-150x150.jpg 150w, http:\/\/www.sentinelle-nature-alsace.fr\/fr\/wp-content\/uploads\/2013\/12\/noel-mangeoire-goulotte-sna-300x300.jpg 300w, http:\/\/www.sentinelle-nature-alsace.fr\/fr\/wp-content\/uploads\/2013\/12\/noel-mangeoire-goulotte-sna-160x160.jpg 160w, http:\/\/www.sentinelle-nature-alsace.fr\/fr\/wp-content\/uploads\/2013\/12\/noel-mangeoire-goulotte-sna.jpg 500w\" sizes=\"auto, (max-width: 150px) 100vw, 150px\" \/><\/a><\/span><\/td>\n<td style=\"text-align: left;\" width=\"300\" height=\"150\">\n<h4><span style=\"color: #808000;\"><strong>Mangeoire &#8220;goulotte&#8221;<br \/> 15.00 \u20ac\u00a0<\/strong><\/span><\/h4>\n<p><em><em>Mangeoire \u00e0 accrocher \u00e0 un mur de votre maison ou sur votre balcon\u2026<br \/>dot\u00e9e d\u2019un plateau de r\u00e9cup\u00e9ration \u00e0 la base pour \u00e9viter le gaspillage !<\/em>\u00a0<\/em><\/p>\n<\/td>\n<\/tr>\n<tr>\n<td style=\"text-align: left;\" width=\"100\" height=\"150\">\n<p><strong><span style=\"color: #cc0000;\"><a href=\"http:\/\/www.sentinelle-nature-alsace.fr\/fr\/wp-content\/uploads\/2013\/12\/noel-mangeoire-suspendue-sna.jpg\"><img loading=\"lazy\" decoding=\"async\" class=\"alignleft wp-image-4231 size-thumbnail\" title=\"noel-mangeoire-suspendue-sna\" src=\"http:\/\/www.sentinelle-nature-alsace.fr\/fr\/wp-content\/uploads\/2013\/12\/noel-mangeoire-suspendue-sna-150x150.jpg\" alt=\"\" width=\"150\" height=\"150\" srcset=\"http:\/\/www.sentinelle-nature-alsace.fr\/fr\/wp-content\/uploads\/2013\/12\/noel-mangeoire-suspendue-sna-150x150.jpg 150w, http:\/\/www.sentinelle-nature-alsace.fr\/fr\/wp-content\/uploads\/2013\/12\/noel-mangeoire-suspendue-sna-300x300.jpg 300w, http:\/\/www.sentinelle-nature-alsace.fr\/fr\/wp-content\/uploads\/2013\/12\/noel-mangeoire-suspendue-sna-160x160.jpg 160w, http:\/\/www.sentinelle-nature-alsace.fr\/fr\/wp-content\/uploads\/2013\/12\/noel-mangeoire-suspendue-sna.jpg 500w\" sizes=\"auto, (max-width: 150px) 100vw, 150px\" \/><\/a><\/span><\/strong><\/p>\n<\/td>\n<td style=\"text-align: left;\" width=\"300\" height=\"150\">\n<h4><span style=\"color: #808000;\"><strong>Mangeoire \u00e0 suspendre<br \/> 15.00 \u20ac\u00a0<\/strong><\/span><\/h4>\n<p><em>Mangeoire id\u00e9ale pour les jardins fr\u00e9quent\u00e9s par les chats, qui n&#8217;y<br \/>acc\u00e9deront pas,\u00a0<em>favorisant\u00a0m\u00e9sanges,\u00a0sittelles, rouges-queues,<br \/>verdiers,\u00a0pinsons&#8230;<\/em><\/em><\/p>\n<\/td>\n<\/tr>\n<tr>\n<td style=\"text-align: left;\" width=\"100\" height=\"150\">\n<p>\u00a0<a href=\"http:\/\/www.sentinelle-nature-alsace.fr\/fr\/wp-content\/uploads\/2013\/12\/noel-observatoire-insectes-sna.jpg\"><img loading=\"lazy\" decoding=\"async\" class=\"alignleft wp-image-4236 size-thumbnail\" title=\"noel-observatoire-insectes-sna\" src=\"http:\/\/www.sentinelle-nature-alsace.fr\/fr\/wp-content\/uploads\/2013\/12\/noel-observatoire-insectes-sna-150x150.jpg\" alt=\"\" width=\"150\" height=\"150\" srcset=\"http:\/\/www.sentinelle-nature-alsace.fr\/fr\/wp-content\/uploads\/2013\/12\/noel-observatoire-insectes-sna-150x150.jpg 150w, http:\/\/www.sentinelle-nature-alsace.fr\/fr\/wp-content\/uploads\/2013\/12\/noel-observatoire-insectes-sna-300x300.jpg 300w, http:\/\/www.sentinelle-nature-alsace.fr\/fr\/wp-content\/uploads\/2013\/12\/noel-observatoire-insectes-sna-160x160.jpg 160w, http:\/\/www.sentinelle-nature-alsace.fr\/fr\/wp-content\/uploads\/2013\/12\/noel-observatoire-insectes-sna.jpg 500w\" sizes=\"auto, (max-width: 150px) 100vw, 150px\" \/><\/a><\/p>\n<\/td>\n<td style=\"text-align: left;\" width=\"300\" height=\"150\">\u00a0<\/p>\n<h4><span style=\"color: #808000;\"><strong>Observatoire \u00e0 insectes<br \/> 15.00 \u20ac\u00a0<\/strong><\/span><\/h4>\n<p><em>Gr\u00e2ce \u00e0 un syst\u00e8me de porte,\u00a0on peut\u00a0observer les\u00a0pontes\u00a0des\u00a0insectes, leurs larves et leur d\u00e9veloppement,\u00a0en particulier\u00a0des\u00a0abeilles solitaires !<\/em><\/p>\n<\/td>\n<\/tr>\n<tr>\n<td style=\"text-align: left;\" width=\"100\" height=\"150\">\n<p><span style=\"color: #cc0000;\"><strong><a href=\"http:\/\/www.sentinelle-nature-alsace.fr\/fr\/wp-content\/uploads\/2013\/12\/noel-nichoir-ouvert-sna.jpg\"><img loading=\"lazy\" decoding=\"async\" class=\"alignleft wp-image-4235 size-thumbnail\" title=\"noel-nichoir-ouvert-sna\" src=\"http:\/\/www.sentinelle-nature-alsace.fr\/fr\/wp-content\/uploads\/2013\/12\/noel-nichoir-ouvert-sna-150x150.jpg\" alt=\"\" width=\"150\" height=\"150\" srcset=\"http:\/\/www.sentinelle-nature-alsace.fr\/fr\/wp-content\/uploads\/2013\/12\/noel-nichoir-ouvert-sna-150x150.jpg 150w, http:\/\/www.sentinelle-nature-alsace.fr\/fr\/wp-content\/uploads\/2013\/12\/noel-nichoir-ouvert-sna-300x300.jpg 300w, http:\/\/www.sentinelle-nature-alsace.fr\/fr\/wp-content\/uploads\/2013\/12\/noel-nichoir-ouvert-sna-160x160.jpg 160w, http:\/\/www.sentinelle-nature-alsace.fr\/fr\/wp-content\/uploads\/2013\/12\/noel-nichoir-ouvert-sna.jpg 500w\" sizes=\"auto, (max-width: 150px) 100vw, 150px\" \/><\/a><\/strong><\/span><\/p>\n<\/td>\n<td width=\"300\" height=\"150\">\n<h4><span style=\"color: #808000;\"><strong>Nichoir ouvert<br \/> 15.00 \u20ac\u00a0<\/strong><\/span><\/h4>\n<p><em>Id\u00e9al pour accueillir rouge-gorge,\u00a0<\/em><em>rouge-queue noir, merle noir,\u00a0<\/em><em>troglodyte mignon&#8230;<\/em><\/p>\n<p>Existe aussi en version \u00e0 trou pour m\u00e9sanges !<\/p>\n<\/td>\n<\/tr>\n<\/tbody>\n<\/table>\n","protected":false},"excerpt":{"rendered":"<p>Vous trouverez ici une s\u00e9lection d&#8217;articles cr\u00e9\u00e9s par les b\u00e9n\u00e9voles SNA qui trouveront \u00e0 coup leur place sous le sapin ! N&#8217;h\u00e9sitez pas \u00e0 nous contacter par mail ou par t\u00e9l\u00e9phone ! Mangeoire &#8220;goulotte&#8221;&#46;&#46;&#46;<\/p>\n","protected":false},"author":2,"featured_media":0,"parent":228,"menu_order":0,"comment_status":"open","ping_status":"closed","template":"","meta":{"_s2mail":"yes","footnotes":""},"class_list":["post-4210","page","type-page","status-publish","hentry"],"yoast_head":"<!-- This site is optimized with the Yoast SEO plugin v27.2 - https:\/\/yoast.com\/product\/yoast-seo-wordpress\/ -->\n<title>Boutique de No\u00ebl -<\/title>\n<meta name=\"robots\" content=\"index, follow, max-snippet:-1, max-image-preview:large, max-video-preview:-1\" \/>\n<link rel=\"canonical\" href=\"http:\/\/www.sentinelle-nature-alsace.fr\/fr\/boutique\/boutique-de-noel\/\" \/>\n<meta property=\"og:locale\" content=\"fr_FR\" \/>\n<meta property=\"og:type\" content=\"article\" \/>\n<meta property=\"og:title\" content=\"Boutique de No\u00ebl -\" \/>\n<meta property=\"og:description\" content=\"Vous trouverez ici une s\u00e9lection d&#8217;articles cr\u00e9\u00e9s par les b\u00e9n\u00e9voles SNA qui trouveront \u00e0 coup leur place sous le sapin ! N&#8217;h\u00e9sitez pas \u00e0 nous contacter par mail ou par t\u00e9l\u00e9phone ! Mangeoire &#8220;goulotte&#8221;&#046;&#046;&#046;\" \/>\n<meta property=\"og:url\" content=\"http:\/\/www.sentinelle-nature-alsace.fr\/fr\/boutique\/boutique-de-noel\/\" \/>\n<meta property=\"article:publisher\" content=\"https:\/\/www.facebook.com\/SentinelleNatureAlsace\/about\/\" \/>\n<meta property=\"article:modified_time\" content=\"2015-12-13T17:18:50+00:00\" \/>\n<meta property=\"og:image\" content=\"http:\/\/www.sentinelle-nature-alsace.fr\/fr\/wp-content\/uploads\/2013\/12\/noel-mangeoire-goulotte-sna-150x150.jpg\" \/>\n<meta name=\"twitter:card\" content=\"summary_large_image\" \/>\n<meta name=\"twitter:label1\" content=\"Dur\u00e9e de lecture estim\u00e9e\" \/>\n\t<meta name=\"twitter:data1\" content=\"1 minute\" \/>\n<script type=\"application\/ld+json\" class=\"yoast-schema-graph\">{\"@context\":\"https:\/\/schema.org\",\"@graph\":[{\"@type\":\"WebPage\",\"@id\":\"http:\/\/www.sentinelle-nature-alsace.fr\/fr\/boutique\/boutique-de-noel\/\",\"url\":\"http:\/\/www.sentinelle-nature-alsace.fr\/fr\/boutique\/boutique-de-noel\/\",\"name\":\"Boutique de No\u00ebl -\",\"isPartOf\":{\"@id\":\"http:\/\/www.sentinelle-nature-alsace.fr\/fr\/#website\"},\"primaryImageOfPage\":{\"@id\":\"http:\/\/www.sentinelle-nature-alsace.fr\/fr\/boutique\/boutique-de-noel\/#primaryimage\"},\"image\":{\"@id\":\"http:\/\/www.sentinelle-nature-alsace.fr\/fr\/boutique\/boutique-de-noel\/#primaryimage\"},\"thumbnailUrl\":\"http:\/\/www.sentinelle-nature-alsace.fr\/fr\/wp-content\/uploads\/2013\/12\/noel-mangeoire-goulotte-sna-150x150.jpg\",\"datePublished\":\"2013-12-11T00:18:33+00:00\",\"dateModified\":\"2015-12-13T17:18:50+00:00\",\"breadcrumb\":{\"@id\":\"http:\/\/www.sentinelle-nature-alsace.fr\/fr\/boutique\/boutique-de-noel\/#breadcrumb\"},\"inLanguage\":\"fr-FR\",\"potentialAction\":[{\"@type\":\"ReadAction\",\"target\":[\"http:\/\/www.sentinelle-nature-alsace.fr\/fr\/boutique\/boutique-de-noel\/\"]}]},{\"@type\":\"ImageObject\",\"inLanguage\":\"fr-FR\",\"@id\":\"http:\/\/www.sentinelle-nature-alsace.fr\/fr\/boutique\/boutique-de-noel\/#primaryimage\",\"url\":\"http:\/\/www.sentinelle-nature-alsace.fr\/fr\/wp-content\/uploads\/2013\/12\/noel-mangeoire-goulotte-sna.jpg\",\"contentUrl\":\"http:\/\/www.sentinelle-nature-alsace.fr\/fr\/wp-content\/uploads\/2013\/12\/noel-mangeoire-goulotte-sna.jpg\",\"width\":500,\"height\":500,\"caption\":\"Mangeoire goulotte\"},{\"@type\":\"BreadcrumbList\",\"@id\":\"http:\/\/www.sentinelle-nature-alsace.fr\/fr\/boutique\/boutique-de-noel\/#breadcrumb\",\"itemListElement\":[{\"@type\":\"ListItem\",\"position\":1,\"name\":\"Accueil\",\"item\":\"http:\/\/www.sentinelle-nature-alsace.fr\/fr\/\"},{\"@type\":\"ListItem\",\"position\":2,\"name\":\"La Boutique SNA 100% Nature !\",\"item\":\"http:\/\/www.sentinelle-nature-alsace.fr\/fr\/boutique\/\"},{\"@type\":\"ListItem\",\"position\":3,\"name\":\"Boutique de No\u00ebl\"}]},{\"@type\":\"WebSite\",\"@id\":\"http:\/\/www.sentinelle-nature-alsace.fr\/fr\/#website\",\"url\":\"http:\/\/www.sentinelle-nature-alsace.fr\/fr\/\",\"name\":\"www.sentinelle-nature-alsace.fr\",\"description\":\"\",\"publisher\":{\"@id\":\"http:\/\/www.sentinelle-nature-alsace.fr\/fr\/#organization\"},\"potentialAction\":[{\"@type\":\"SearchAction\",\"target\":{\"@type\":\"EntryPoint\",\"urlTemplate\":\"http:\/\/www.sentinelle-nature-alsace.fr\/fr\/?s={search_term_string}\"},\"query-input\":{\"@type\":\"PropertyValueSpecification\",\"valueRequired\":true,\"valueName\":\"search_term_string\"}}],\"inLanguage\":\"fr-FR\"},{\"@type\":\"Organization\",\"@id\":\"http:\/\/www.sentinelle-nature-alsace.fr\/fr\/#organization\",\"name\":\"Sentinelle Nature Alsace\",\"url\":\"http:\/\/www.sentinelle-nature-alsace.fr\/fr\/\",\"logo\":{\"@type\":\"ImageObject\",\"inLanguage\":\"fr-FR\",\"@id\":\"http:\/\/www.sentinelle-nature-alsace.fr\/fr\/#\/schema\/logo\/image\/\",\"url\":\"http:\/\/www.sentinelle-nature-alsace.fr\/fr\/wp-content\/uploads\/2024\/04\/logo-sna.jpg\",\"contentUrl\":\"http:\/\/www.sentinelle-nature-alsace.fr\/fr\/wp-content\/uploads\/2024\/04\/logo-sna.jpg\",\"width\":200,\"height\":200,\"caption\":\"Sentinelle Nature Alsace\"},\"image\":{\"@id\":\"http:\/\/www.sentinelle-nature-alsace.fr\/fr\/#\/schema\/logo\/image\/\"},\"sameAs\":[\"https:\/\/www.facebook.com\/SentinelleNatureAlsace\/about\/\",\"https:\/\/www.instagram.com\/sentinellenaturealsace\/\"]}]}<\/script>\n<!-- \/ Yoast SEO plugin. -->","yoast_head_json":{"title":"Boutique de No\u00ebl -","robots":{"index":"index","follow":"follow","max-snippet":"max-snippet:-1","max-image-preview":"max-image-preview:large","max-video-preview":"max-video-preview:-1"},"canonical":"http:\/\/www.sentinelle-nature-alsace.fr\/fr\/boutique\/boutique-de-noel\/","og_locale":"fr_FR","og_type":"article","og_title":"Boutique de No\u00ebl -","og_description":"Vous trouverez ici une s\u00e9lection d&#8217;articles cr\u00e9\u00e9s par les b\u00e9n\u00e9voles SNA qui trouveront \u00e0 coup leur place sous le sapin ! N&#8217;h\u00e9sitez pas \u00e0 nous contacter par mail ou par t\u00e9l\u00e9phone ! Mangeoire &#8220;goulotte&#8221;&#46;&#46;&#46;","og_url":"http:\/\/www.sentinelle-nature-alsace.fr\/fr\/boutique\/boutique-de-noel\/","article_publisher":"https:\/\/www.facebook.com\/SentinelleNatureAlsace\/about\/","article_modified_time":"2015-12-13T17:18:50+00:00","og_image":[{"url":"http:\/\/www.sentinelle-nature-alsace.fr\/fr\/wp-content\/uploads\/2013\/12\/noel-mangeoire-goulotte-sna-150x150.jpg","type":"","width":"","height":""}],"twitter_card":"summary_large_image","twitter_misc":{"Dur\u00e9e de lecture estim\u00e9e":"1 minute"},"schema":{"@context":"https:\/\/schema.org","@graph":[{"@type":"WebPage","@id":"http:\/\/www.sentinelle-nature-alsace.fr\/fr\/boutique\/boutique-de-noel\/","url":"http:\/\/www.sentinelle-nature-alsace.fr\/fr\/boutique\/boutique-de-noel\/","name":"Boutique de No\u00ebl -","isPartOf":{"@id":"http:\/\/www.sentinelle-nature-alsace.fr\/fr\/#website"},"primaryImageOfPage":{"@id":"http:\/\/www.sentinelle-nature-alsace.fr\/fr\/boutique\/boutique-de-noel\/#primaryimage"},"image":{"@id":"http:\/\/www.sentinelle-nature-alsace.fr\/fr\/boutique\/boutique-de-noel\/#primaryimage"},"thumbnailUrl":"http:\/\/www.sentinelle-nature-alsace.fr\/fr\/wp-content\/uploads\/2013\/12\/noel-mangeoire-goulotte-sna-150x150.jpg","datePublished":"2013-12-11T00:18:33+00:00","dateModified":"2015-12-13T17:18:50+00:00","breadcrumb":{"@id":"http:\/\/www.sentinelle-nature-alsace.fr\/fr\/boutique\/boutique-de-noel\/#breadcrumb"},"inLanguage":"fr-FR","potentialAction":[{"@type":"ReadAction","target":["http:\/\/www.sentinelle-nature-alsace.fr\/fr\/boutique\/boutique-de-noel\/"]}]},{"@type":"ImageObject","inLanguage":"fr-FR","@id":"http:\/\/www.sentinelle-nature-alsace.fr\/fr\/boutique\/boutique-de-noel\/#primaryimage","url":"http:\/\/www.sentinelle-nature-alsace.fr\/fr\/wp-content\/uploads\/2013\/12\/noel-mangeoire-goulotte-sna.jpg","contentUrl":"http:\/\/www.sentinelle-nature-alsace.fr\/fr\/wp-content\/uploads\/2013\/12\/noel-mangeoire-goulotte-sna.jpg","width":500,"height":500,"caption":"Mangeoire goulotte"},{"@type":"BreadcrumbList","@id":"http:\/\/www.sentinelle-nature-alsace.fr\/fr\/boutique\/boutique-de-noel\/#breadcrumb","itemListElement":[{"@type":"ListItem","position":1,"name":"Accueil","item":"http:\/\/www.sentinelle-nature-alsace.fr\/fr\/"},{"@type":"ListItem","position":2,"name":"La Boutique SNA 100% Nature !","item":"http:\/\/www.sentinelle-nature-alsace.fr\/fr\/boutique\/"},{"@type":"ListItem","position":3,"name":"Boutique de No\u00ebl"}]},{"@type":"WebSite","@id":"http:\/\/www.sentinelle-nature-alsace.fr\/fr\/#website","url":"http:\/\/www.sentinelle-nature-alsace.fr\/fr\/","name":"www.sentinelle-nature-alsace.fr","description":"","publisher":{"@id":"http:\/\/www.sentinelle-nature-alsace.fr\/fr\/#organization"},"potentialAction":[{"@type":"SearchAction","target":{"@type":"EntryPoint","urlTemplate":"http:\/\/www.sentinelle-nature-alsace.fr\/fr\/?s={search_term_string}"},"query-input":{"@type":"PropertyValueSpecification","valueRequired":true,"valueName":"search_term_string"}}],"inLanguage":"fr-FR"},{"@type":"Organization","@id":"http:\/\/www.sentinelle-nature-alsace.fr\/fr\/#organization","name":"Sentinelle Nature Alsace","url":"http:\/\/www.sentinelle-nature-alsace.fr\/fr\/","logo":{"@type":"ImageObject","inLanguage":"fr-FR","@id":"http:\/\/www.sentinelle-nature-alsace.fr\/fr\/#\/schema\/logo\/image\/","url":"http:\/\/www.sentinelle-nature-alsace.fr\/fr\/wp-content\/uploads\/2024\/04\/logo-sna.jpg","contentUrl":"http:\/\/www.sentinelle-nature-alsace.fr\/fr\/wp-content\/uploads\/2024\/04\/logo-sna.jpg","width":200,"height":200,"caption":"Sentinelle Nature Alsace"},"image":{"@id":"http:\/\/www.sentinelle-nature-alsace.fr\/fr\/#\/schema\/logo\/image\/"},"sameAs":["https:\/\/www.facebook.com\/SentinelleNatureAlsace\/about\/","https:\/\/www.instagram.com\/sentinellenaturealsace\/"]}]}},"_links":{"self":[{"href":"http:\/\/www.sentinelle-nature-alsace.fr\/fr\/wp-json\/wp\/v2\/pages\/4210","targetHints":{"allow":["GET"]}}],"collection":[{"href":"http:\/\/www.sentinelle-nature-alsace.fr\/fr\/wp-json\/wp\/v2\/pages"}],"about":[{"href":"http:\/\/www.sentinelle-nature-alsace.fr\/fr\/wp-json\/wp\/v2\/types\/page"}],"author":[{"embeddable":true,"href":"http:\/\/www.sentinelle-nature-alsace.fr\/fr\/wp-json\/wp\/v2\/users\/2"}],"replies":[{"embeddable":true,"href":"http:\/\/www.sentinelle-nature-alsace.fr\/fr\/wp-json\/wp\/v2\/comments?post=4210"}],"version-history":[{"count":31,"href":"http:\/\/www.sentinelle-nature-alsace.fr\/fr\/wp-json\/wp\/v2\/pages\/4210\/revisions"}],"predecessor-version":[{"id":7418,"href":"http:\/\/www.sentinelle-nature-alsace.fr\/fr\/wp-json\/wp\/v2\/pages\/4210\/revisions\/7418"}],"up":[{"embeddable":true,"href":"http:\/\/www.sentinelle-nature-alsace.fr\/fr\/wp-json\/wp\/v2\/pages\/228"}],"wp:attachment":[{"href":"http:\/\/www.sentinelle-nature-alsace.fr\/fr\/wp-json\/wp\/v2\/media?parent=4210"}],"curies":[{"name":"wp","href":"https:\/\/api.w.org\/{rel}","templated":true}]}}