{"id":285,"date":"2012-06-07T20:50:58","date_gmt":"2012-06-07T20:50:58","guid":{"rendered":"http:\/\/www.sentinelle-nature-alsace.fr\/fr\/?page_id=285"},"modified":"2021-05-06T11:06:20","modified_gmt":"2021-05-06T10:06:20","slug":"sos-animal-en-detresse","status":"publish","type":"page","link":"http:\/\/www.sentinelle-nature-alsace.fr\/fr\/sos-animal-en-detresse\/","title":{"rendered":"SOS Animal en D\u00e9tresse"},"content":{"rendered":"<p><a href=\"http:\/\/www.youtube.com\/watch?v=N8LmYvTFvSA\" rel=\"rel=&quot;lightbox&quot;\"><img loading=\"lazy\" decoding=\"async\" width=\"150\" height=\"150\" class=\"alignright  wp-image-1797\" title=\"Voir la video\" src=\"http:\/\/www.sentinelle-nature-alsace.fr\/fr\/wp-content\/uploads\/2012\/06\/gestes-link.jpg\" alt=\"\" srcset=\"http:\/\/www.sentinelle-nature-alsace.fr\/fr\/wp-content\/uploads\/2012\/06\/gestes-link.jpg 150w, http:\/\/www.sentinelle-nature-alsace.fr\/fr\/wp-content\/uploads\/2012\/06\/gestes-link-160x160.jpg 160w\" sizes=\"auto, (max-width: 150px) 100vw, 150px\" \/><\/a><\/p>\n<h4>1\/ Contactez SNA au 06 60 10 30 86<\/h4>\n<p>Nous vous fournirons des conseils adapt\u00e9s, car chaque animal et chaque situation est diff\u00e9rente. Leur survie en d\u00e9pend !<\/p>\n<h4>2\/ On ne sauve que ceux qui en ont besoin !<\/h4>\n<p>Avant d&#8217;attraper un animal sauvage, assurez-vous que celui-ci est r\u00e9ellement en danger ! Certains animaux, comme les chouettes et les chevreuils, \u00e9l\u00e8vent leurs petits au sol&#8230; Ils n\u2019ont pas besoin de vous, n\u2019intervenez qu\u2019en cas de danger imm\u00e9diat !<\/p>\n<h4>3\/ Le transport d\u2019un animal sauvage est ill\u00e9gal sans autorisation !<\/h4>\n<p>Pas de d\u00e9placement sans avoir pr\u00e9venu un centre de sauvegarde, car la loi vous interdit de transporter ou poss\u00e9der un animal sauvage !<\/p>\n<h4>4\/ Pas de c\u00e2lins ni caresses !<\/h4>\n<p>Les animaux sauvages ne sont pas des chiots ! Le contact avec l\u2019homme risque de les stresser et leur faire perdre leurs rep\u00e8res.<\/p>\n<h4>5\/ Manipulez l&#8217;animal avec des gants&#8230;<\/h4>\n<p>&#8230;pour \u00e9viter les griffures ou morsures.\u00a0Attention au serres des rapaces, au bec des \u00e9chassiers et aux dents des mammif\u00e8res !<\/p>\n<h4>6\/ Isolez l&#8217;animal<\/h4>\n<p>Placez l\u2019animal dans un carton adapt\u00e9 \u00e0 sa taille, avec des trous pour respirer (de la taille d\u2019un crayon), dans un endroit calme.<\/p>\n<h4>7\/ Gardez l\u2019animal au chaud, \u00e0 l\u2019abri du vent.<\/h4>\n<p>Au besoin, faites une bouillotte avec une bouteille d\u2019eau chaude dans du linge, chang\u00e9e toute les 2 heures.<\/p>\n<h4>8\/ Ne lui donnez pas \u00e0 manger ni \u00e0 boire !<\/h4>\n<p>Chaque esp\u00e8ce a des exigences alimentaires particuli\u00e8res. Ne le nourrissez pas sans nous avoir pr\u00e9alablement t\u00e9l\u00e9phon\u00e9 pour nous demander conseil ! De m\u00eame pour l&#8217;eau, ne le forcez jamais \u00e0 boire, et ne donnez pas de gamelle d&#8217;eau avant conseil, ils risquent la noyade. Ne pas \u00eatre aliment\u00e9 n&#8217;est jamais fatal dans l&#8217;imm\u00e9diat, et mieux vaut ne rien donner plut\u00f4t que de faire des erreurs.<\/p>\n<h4>9\/ N\u2019essayez pas de l\u2019\u00e9lever vous-m\u00eame.<\/h4>\n<p>Un animal sauvage ne peut pas vivre en captivit\u00e9, m\u00eame si cela parait simple quand il est petit. S\u2019il survit, vous le rendrez stress\u00e9 et malheureux.<\/p>\n<h4>10\/ Gardez vos pr\u00e9cautions d&#8217;hygi\u00e8ne<\/h4>\n<p>N&#8217;oubliez pas de vous laver les mains apr\u00e8s avoir manipul\u00e9 un animal sauvage. Et en cas de morsure ou de griffure, contactez votre m\u00e9decin ou la\u00a0<a href=\"https:\/\/www.haut-rhin.gouv.fr\/Services-de-l-Etat\/DDCSPP\">Direction D\u00e9partementale de la Protection de la Population<\/a> (ex. D.S.V., DDCSPP).<\/p>\n","protected":false},"excerpt":{"rendered":"<p>1\/ Contactez SNA au 06 60 10 30 86 Nous vous fournirons des conseils adapt\u00e9s, car chaque animal et chaque situation est diff\u00e9rente. Leur survie en d\u00e9pend ! 2\/ On ne sauve que ceux&#46;&#46;&#46;<\/p>\n","protected":false},"author":2,"featured_media":0,"parent":0,"menu_order":1,"comment_status":"closed","ping_status":"closed","template":"","meta":{"_s2mail":"yes","footnotes":""},"class_list":["post-285","page","type-page","status-publish","hentry"],"yoast_head":"<!-- This site is optimized with the Yoast SEO plugin v27.2 - https:\/\/yoast.com\/product\/yoast-seo-wordpress\/ -->\n<title>SOS Animal en D\u00e9tresse -<\/title>\n<meta name=\"robots\" content=\"index, follow, max-snippet:-1, max-image-preview:large, max-video-preview:-1\" \/>\n<link rel=\"canonical\" href=\"http:\/\/www.sentinelle-nature-alsace.fr\/fr\/sos-animal-en-detresse\/\" \/>\n<meta property=\"og:locale\" content=\"fr_FR\" \/>\n<meta property=\"og:type\" content=\"article\" \/>\n<meta property=\"og:title\" content=\"SOS Animal en D\u00e9tresse -\" \/>\n<meta property=\"og:description\" content=\"1\/ Contactez SNA au 06 60 10 30 86 Nous vous fournirons des conseils adapt\u00e9s, car chaque animal et chaque situation est diff\u00e9rente. Leur survie en d\u00e9pend ! 2\/ On ne sauve que ceux&#046;&#046;&#046;\" \/>\n<meta property=\"og:url\" content=\"http:\/\/www.sentinelle-nature-alsace.fr\/fr\/sos-animal-en-detresse\/\" \/>\n<meta property=\"article:publisher\" content=\"https:\/\/www.facebook.com\/SentinelleNatureAlsace\/about\/\" \/>\n<meta property=\"article:modified_time\" content=\"2021-05-06T10:06:20+00:00\" \/>\n<meta property=\"og:image\" content=\"http:\/\/www.sentinelle-nature-alsace.fr\/fr\/wp-content\/uploads\/2012\/06\/gestes-link.jpg\" \/>\n<meta name=\"twitter:card\" content=\"summary_large_image\" \/>\n<meta name=\"twitter:label1\" content=\"Dur\u00e9e de lecture estim\u00e9e\" \/>\n\t<meta name=\"twitter:data1\" content=\"2 minutes\" \/>\n<script type=\"application\/ld+json\" class=\"yoast-schema-graph\">{\"@context\":\"https:\/\/schema.org\",\"@graph\":[{\"@type\":\"WebPage\",\"@id\":\"http:\/\/www.sentinelle-nature-alsace.fr\/fr\/sos-animal-en-detresse\/\",\"url\":\"http:\/\/www.sentinelle-nature-alsace.fr\/fr\/sos-animal-en-detresse\/\",\"name\":\"SOS Animal en D\u00e9tresse -\",\"isPartOf\":{\"@id\":\"http:\/\/www.sentinelle-nature-alsace.fr\/fr\/#website\"},\"primaryImageOfPage\":{\"@id\":\"http:\/\/www.sentinelle-nature-alsace.fr\/fr\/sos-animal-en-detresse\/#primaryimage\"},\"image\":{\"@id\":\"http:\/\/www.sentinelle-nature-alsace.fr\/fr\/sos-animal-en-detresse\/#primaryimage\"},\"thumbnailUrl\":\"http:\/\/www.sentinelle-nature-alsace.fr\/fr\/wp-content\/uploads\/2012\/06\/gestes-link.jpg\",\"datePublished\":\"2012-06-07T20:50:58+00:00\",\"dateModified\":\"2021-05-06T10:06:20+00:00\",\"breadcrumb\":{\"@id\":\"http:\/\/www.sentinelle-nature-alsace.fr\/fr\/sos-animal-en-detresse\/#breadcrumb\"},\"inLanguage\":\"fr-FR\",\"potentialAction\":[{\"@type\":\"ReadAction\",\"target\":[\"http:\/\/www.sentinelle-nature-alsace.fr\/fr\/sos-animal-en-detresse\/\"]}]},{\"@type\":\"ImageObject\",\"inLanguage\":\"fr-FR\",\"@id\":\"http:\/\/www.sentinelle-nature-alsace.fr\/fr\/sos-animal-en-detresse\/#primaryimage\",\"url\":\"http:\/\/www.sentinelle-nature-alsace.fr\/fr\/wp-content\/uploads\/2012\/06\/gestes-link.jpg\",\"contentUrl\":\"http:\/\/www.sentinelle-nature-alsace.fr\/fr\/wp-content\/uploads\/2012\/06\/gestes-link.jpg\",\"width\":150,\"height\":150},{\"@type\":\"BreadcrumbList\",\"@id\":\"http:\/\/www.sentinelle-nature-alsace.fr\/fr\/sos-animal-en-detresse\/#breadcrumb\",\"itemListElement\":[{\"@type\":\"ListItem\",\"position\":1,\"name\":\"Accueil\",\"item\":\"https:\/\/www.sentinelle-nature-alsace.fr\/fr\/\"},{\"@type\":\"ListItem\",\"position\":2,\"name\":\"SOS Animal en D\u00e9tresse\"}]},{\"@type\":\"WebSite\",\"@id\":\"http:\/\/www.sentinelle-nature-alsace.fr\/fr\/#website\",\"url\":\"http:\/\/www.sentinelle-nature-alsace.fr\/fr\/\",\"name\":\"www.sentinelle-nature-alsace.fr\",\"description\":\"\",\"publisher\":{\"@id\":\"http:\/\/www.sentinelle-nature-alsace.fr\/fr\/#organization\"},\"potentialAction\":[{\"@type\":\"SearchAction\",\"target\":{\"@type\":\"EntryPoint\",\"urlTemplate\":\"http:\/\/www.sentinelle-nature-alsace.fr\/fr\/?s={search_term_string}\"},\"query-input\":{\"@type\":\"PropertyValueSpecification\",\"valueRequired\":true,\"valueName\":\"search_term_string\"}}],\"inLanguage\":\"fr-FR\"},{\"@type\":\"Organization\",\"@id\":\"http:\/\/www.sentinelle-nature-alsace.fr\/fr\/#organization\",\"name\":\"Sentinelle Nature Alsace\",\"url\":\"http:\/\/www.sentinelle-nature-alsace.fr\/fr\/\",\"logo\":{\"@type\":\"ImageObject\",\"inLanguage\":\"fr-FR\",\"@id\":\"http:\/\/www.sentinelle-nature-alsace.fr\/fr\/#\/schema\/logo\/image\/\",\"url\":\"http:\/\/www.sentinelle-nature-alsace.fr\/fr\/wp-content\/uploads\/2024\/04\/logo-sna.jpg\",\"contentUrl\":\"http:\/\/www.sentinelle-nature-alsace.fr\/fr\/wp-content\/uploads\/2024\/04\/logo-sna.jpg\",\"width\":200,\"height\":200,\"caption\":\"Sentinelle Nature Alsace\"},\"image\":{\"@id\":\"http:\/\/www.sentinelle-nature-alsace.fr\/fr\/#\/schema\/logo\/image\/\"},\"sameAs\":[\"https:\/\/www.facebook.com\/SentinelleNatureAlsace\/about\/\",\"https:\/\/www.instagram.com\/sentinellenaturealsace\/\"]}]}<\/script>\n<!-- \/ Yoast SEO plugin. -->","yoast_head_json":{"title":"SOS Animal en D\u00e9tresse -","robots":{"index":"index","follow":"follow","max-snippet":"max-snippet:-1","max-image-preview":"max-image-preview:large","max-video-preview":"max-video-preview:-1"},"canonical":"http:\/\/www.sentinelle-nature-alsace.fr\/fr\/sos-animal-en-detresse\/","og_locale":"fr_FR","og_type":"article","og_title":"SOS Animal en D\u00e9tresse -","og_description":"1\/ Contactez SNA au 06 60 10 30 86 Nous vous fournirons des conseils adapt\u00e9s, car chaque animal et chaque situation est diff\u00e9rente. Leur survie en d\u00e9pend ! 2\/ On ne sauve que ceux&#46;&#46;&#46;","og_url":"http:\/\/www.sentinelle-nature-alsace.fr\/fr\/sos-animal-en-detresse\/","article_publisher":"https:\/\/www.facebook.com\/SentinelleNatureAlsace\/about\/","article_modified_time":"2021-05-06T10:06:20+00:00","og_image":[{"url":"http:\/\/www.sentinelle-nature-alsace.fr\/fr\/wp-content\/uploads\/2012\/06\/gestes-link.jpg","type":"","width":"","height":""}],"twitter_card":"summary_large_image","twitter_misc":{"Dur\u00e9e de lecture estim\u00e9e":"2 minutes"},"schema":{"@context":"https:\/\/schema.org","@graph":[{"@type":"WebPage","@id":"http:\/\/www.sentinelle-nature-alsace.fr\/fr\/sos-animal-en-detresse\/","url":"http:\/\/www.sentinelle-nature-alsace.fr\/fr\/sos-animal-en-detresse\/","name":"SOS Animal en D\u00e9tresse -","isPartOf":{"@id":"http:\/\/www.sentinelle-nature-alsace.fr\/fr\/#website"},"primaryImageOfPage":{"@id":"http:\/\/www.sentinelle-nature-alsace.fr\/fr\/sos-animal-en-detresse\/#primaryimage"},"image":{"@id":"http:\/\/www.sentinelle-nature-alsace.fr\/fr\/sos-animal-en-detresse\/#primaryimage"},"thumbnailUrl":"http:\/\/www.sentinelle-nature-alsace.fr\/fr\/wp-content\/uploads\/2012\/06\/gestes-link.jpg","datePublished":"2012-06-07T20:50:58+00:00","dateModified":"2021-05-06T10:06:20+00:00","breadcrumb":{"@id":"http:\/\/www.sentinelle-nature-alsace.fr\/fr\/sos-animal-en-detresse\/#breadcrumb"},"inLanguage":"fr-FR","potentialAction":[{"@type":"ReadAction","target":["http:\/\/www.sentinelle-nature-alsace.fr\/fr\/sos-animal-en-detresse\/"]}]},{"@type":"ImageObject","inLanguage":"fr-FR","@id":"http:\/\/www.sentinelle-nature-alsace.fr\/fr\/sos-animal-en-detresse\/#primaryimage","url":"http:\/\/www.sentinelle-nature-alsace.fr\/fr\/wp-content\/uploads\/2012\/06\/gestes-link.jpg","contentUrl":"http:\/\/www.sentinelle-nature-alsace.fr\/fr\/wp-content\/uploads\/2012\/06\/gestes-link.jpg","width":150,"height":150},{"@type":"BreadcrumbList","@id":"http:\/\/www.sentinelle-nature-alsace.fr\/fr\/sos-animal-en-detresse\/#breadcrumb","itemListElement":[{"@type":"ListItem","position":1,"name":"Accueil","item":"https:\/\/www.sentinelle-nature-alsace.fr\/fr\/"},{"@type":"ListItem","position":2,"name":"SOS Animal en D\u00e9tresse"}]},{"@type":"WebSite","@id":"http:\/\/www.sentinelle-nature-alsace.fr\/fr\/#website","url":"http:\/\/www.sentinelle-nature-alsace.fr\/fr\/","name":"www.sentinelle-nature-alsace.fr","description":"","publisher":{"@id":"http:\/\/www.sentinelle-nature-alsace.fr\/fr\/#organization"},"potentialAction":[{"@type":"SearchAction","target":{"@type":"EntryPoint","urlTemplate":"http:\/\/www.sentinelle-nature-alsace.fr\/fr\/?s={search_term_string}"},"query-input":{"@type":"PropertyValueSpecification","valueRequired":true,"valueName":"search_term_string"}}],"inLanguage":"fr-FR"},{"@type":"Organization","@id":"http:\/\/www.sentinelle-nature-alsace.fr\/fr\/#organization","name":"Sentinelle Nature Alsace","url":"http:\/\/www.sentinelle-nature-alsace.fr\/fr\/","logo":{"@type":"ImageObject","inLanguage":"fr-FR","@id":"http:\/\/www.sentinelle-nature-alsace.fr\/fr\/#\/schema\/logo\/image\/","url":"http:\/\/www.sentinelle-nature-alsace.fr\/fr\/wp-content\/uploads\/2024\/04\/logo-sna.jpg","contentUrl":"http:\/\/www.sentinelle-nature-alsace.fr\/fr\/wp-content\/uploads\/2024\/04\/logo-sna.jpg","width":200,"height":200,"caption":"Sentinelle Nature Alsace"},"image":{"@id":"http:\/\/www.sentinelle-nature-alsace.fr\/fr\/#\/schema\/logo\/image\/"},"sameAs":["https:\/\/www.facebook.com\/SentinelleNatureAlsace\/about\/","https:\/\/www.instagram.com\/sentinellenaturealsace\/"]}]}},"_links":{"self":[{"href":"http:\/\/www.sentinelle-nature-alsace.fr\/fr\/wp-json\/wp\/v2\/pages\/285","targetHints":{"allow":["GET"]}}],"collection":[{"href":"http:\/\/www.sentinelle-nature-alsace.fr\/fr\/wp-json\/wp\/v2\/pages"}],"about":[{"href":"http:\/\/www.sentinelle-nature-alsace.fr\/fr\/wp-json\/wp\/v2\/types\/page"}],"author":[{"embeddable":true,"href":"http:\/\/www.sentinelle-nature-alsace.fr\/fr\/wp-json\/wp\/v2\/users\/2"}],"replies":[{"embeddable":true,"href":"http:\/\/www.sentinelle-nature-alsace.fr\/fr\/wp-json\/wp\/v2\/comments?post=285"}],"version-history":[{"count":2,"href":"http:\/\/www.sentinelle-nature-alsace.fr\/fr\/wp-json\/wp\/v2\/pages\/285\/revisions"}],"predecessor-version":[{"id":9843,"href":"http:\/\/www.sentinelle-nature-alsace.fr\/fr\/wp-json\/wp\/v2\/pages\/285\/revisions\/9843"}],"wp:attachment":[{"href":"http:\/\/www.sentinelle-nature-alsace.fr\/fr\/wp-json\/wp\/v2\/media?parent=285"}],"curies":[{"name":"wp","href":"https:\/\/api.w.org\/{rel}","templated":true}]}}